{"id":868,"date":"2019-10-23T15:21:22","date_gmt":"2019-10-23T15:21:22","guid":{"rendered":"http:\/\/pfarrverband-dietramszell.de\/?page_id=868"},"modified":"2026-03-30T10:52:37","modified_gmt":"2026-03-30T10:52:37","slug":"hochzeit-intern","status":"publish","type":"page","link":"https:\/\/pfarrverband-dietramszell.de\/WordPress_02\/?page_id=868","title":{"rendered":"Hochzeit"},"content":{"rendered":"\n<p><\/p>\n\n\n\n<figure class=\"wp-block-image\"><img loading=\"lazy\" decoding=\"async\" width=\"1815\" height=\"580\" src=\"http:\/\/pfarrverband-dietramszell.de\/wp-content\/uploads\/2019\/10\/https-www-pfarrbriefservice-de-sites-default-fil.jpeg\" alt=\"https:\/\/www.pfarrbriefservice.de\/sites\/default\/files\/atoms\/image\/bride-and-groom-3780598_by_congerdesign_cc0-gemeinfrei_pixabay_pfarrbriefservice.jpg.jpg\" class=\"wp-image-870\" srcset=\"https:\/\/pfarrverband-dietramszell.de\/WordPress_02\/wp-content\/uploads\/2019\/10\/https-www-pfarrbriefservice-de-sites-default-fil.jpeg 1815w, https:\/\/pfarrverband-dietramszell.de\/WordPress_02\/wp-content\/uploads\/2019\/10\/https-www-pfarrbriefservice-de-sites-default-fil-300x96.jpeg 300w, https:\/\/pfarrverband-dietramszell.de\/WordPress_02\/wp-content\/uploads\/2019\/10\/https-www-pfarrbriefservice-de-sites-default-fil-768x245.jpeg 768w, https:\/\/pfarrverband-dietramszell.de\/WordPress_02\/wp-content\/uploads\/2019\/10\/https-www-pfarrbriefservice-de-sites-default-fil-1024x327.jpeg 1024w, https:\/\/pfarrverband-dietramszell.de\/WordPress_02\/wp-content\/uploads\/2019\/10\/https-www-pfarrbriefservice-de-sites-default-fil-1180x377.jpeg 1180w\" sizes=\"auto, (max-width: 1815px) 100vw, 1815px\" \/><\/figure>\n\n\n\n<p><\/p>\n\n\n\n<p>Liebes Brautpaar,<\/p>\n\n\n\n<p>wir freuen uns, dass Sie einander gefunden haben und durch die Feier der kirchlichen Hochzeit unter dem Segen Gottes gemeinsam durchs Leben gehen m\u00f6chten. Es freut uns auch, dass sie Ihre Hochzeit im Pfarrverband Dietramszell feiern m\u00f6chten. Damit Ihre Trauung f\u00fcr alle Beteiligten reibungslos ablaufen kann, m\u00f6chten wir Sie bitten, folgenden Infobrief zu beachten:<\/p>\n\n\n\n<p><span style=\"color: #000000;\"><em><strong><a style=\"color: #000000;\" href=\"http:\/\/pfarrverband-dietramszell.de\/WordPress_02\/wp-content\/uploads\/2025\/04\/Infobrief-Hochzeit-2025-intern.pdf\" target=\"_blank\" rel=\"noopener\"><span style=\"color: #ff0000;\">Informationen f\u00fcr Paare aus dem Pfarrverband Dietramszell (Klick)<\/span><\/a><\/strong><\/em><\/span><\/p>\n\n\n\n<p><span style=\"color: #000000;\"><em><strong><a href=\"http:\/\/pfarrverband-dietramszell.de\/WordPress_02\/wp-content\/uploads\/2026\/03\/Infobrief-Hochzeit-2026-auswaertige-Paare.pdf\" target=\"_blank\" rel=\"noreferrer noopener\"><span style=\"color: #ff0000;\">Informationen f\u00fcr Paare, die nicht im Pfarrverband Dietramszell wohnen (Klick)<\/span><\/a><\/strong><\/em><\/span><\/p>\n\n\n\n\n","protected":false},"excerpt":{"rendered":"<p>Liebes Brautpaar, wir freuen uns, dass Sie einander gefunden haben und durch die Feier der kirchlichen Hochzeit unter dem Segen Gottes gemeinsam durchs Leben gehen m\u00f6chten. Es freut uns auch, dass sie Ihre Hochzeit im Pfarrverband Dietramszell feiern m\u00f6chten. Damit Ihre Trauung f\u00fcr alle Beteiligten reibungslos ablaufen kann, m\u00f6chten wir Sie bitten, folgenden Infobrief zu &hellip; <a href=\"https:\/\/pfarrverband-dietramszell.de\/WordPress_02\/?page_id=868\" class=\"more-link\">Weiterlesen <span class=\"screen-reader-text\">Hochzeit<\/span><\/a><\/p>\n","protected":false},"author":1,"featured_media":0,"parent":763,"menu_order":4,"comment_status":"closed","ping_status":"closed","template":"","meta":{"footnotes":""},"class_list":["post-868","page","type-page","status-publish","hentry","without-featured-image"],"_links":{"self":[{"href":"https:\/\/pfarrverband-dietramszell.de\/WordPress_02\/index.php?rest_route=\/wp\/v2\/pages\/868","targetHints":{"allow":["GET"]}}],"collection":[{"href":"https:\/\/pfarrverband-dietramszell.de\/WordPress_02\/index.php?rest_route=\/wp\/v2\/pages"}],"about":[{"href":"https:\/\/pfarrverband-dietramszell.de\/WordPress_02\/index.php?rest_route=\/wp\/v2\/types\/page"}],"author":[{"embeddable":true,"href":"https:\/\/pfarrverband-dietramszell.de\/WordPress_02\/index.php?rest_route=\/wp\/v2\/users\/1"}],"replies":[{"embeddable":true,"href":"https:\/\/pfarrverband-dietramszell.de\/WordPress_02\/index.php?rest_route=%2Fwp%2Fv2%2Fcomments&post=868"}],"version-history":[{"count":6,"href":"https:\/\/pfarrverband-dietramszell.de\/WordPress_02\/index.php?rest_route=\/wp\/v2\/pages\/868\/revisions"}],"predecessor-version":[{"id":5629,"href":"https:\/\/pfarrverband-dietramszell.de\/WordPress_02\/index.php?rest_route=\/wp\/v2\/pages\/868\/revisions\/5629"}],"up":[{"embeddable":true,"href":"https:\/\/pfarrverband-dietramszell.de\/WordPress_02\/index.php?rest_route=\/wp\/v2\/pages\/763"}],"wp:attachment":[{"href":"https:\/\/pfarrverband-dietramszell.de\/WordPress_02\/index.php?rest_route=%2Fwp%2Fv2%2Fmedia&parent=868"}],"curies":[{"name":"wp","href":"https:\/\/api.w.org\/{rel}","templated":true}]}}