{"id":859,"date":"2019-10-23T15:17:54","date_gmt":"2019-10-23T15:17:54","guid":{"rendered":"http:\/\/pfarrverband-dietramszell.de\/?page_id=859"},"modified":"2025-04-04T07:52:38","modified_gmt":"2025-04-04T07:52:38","slug":"taufe-intern","status":"publish","type":"page","link":"https:\/\/pfarrverband-dietramszell.de\/WordPress_02\/?page_id=859","title":{"rendered":"Taufe"},"content":{"rendered":"\n<p><\/p>\n\n\n<p><img loading=\"lazy\" decoding=\"async\" width=\"895\" height=\"623\" class=\"wp-image-861 aligncenter\" src=\"http:\/\/pfarrverband-dietramszell.de\/wp-content\/uploads\/2019\/10\/d-temp-10-baptismal-font-2554096_by_roall_cc0-gem-1.jpeg\" alt=\"D:\\Temp\\10\\baptismal-font-2554096_by_roall_cc0-gemeinfrei_pixabay_pfarrbriefservice.jpg\" srcset=\"https:\/\/pfarrverband-dietramszell.de\/WordPress_02\/wp-content\/uploads\/2019\/10\/d-temp-10-baptismal-font-2554096_by_roall_cc0-gem-1.jpeg 895w, https:\/\/pfarrverband-dietramszell.de\/WordPress_02\/wp-content\/uploads\/2019\/10\/d-temp-10-baptismal-font-2554096_by_roall_cc0-gem-1-300x209.jpeg 300w, https:\/\/pfarrverband-dietramszell.de\/WordPress_02\/wp-content\/uploads\/2019\/10\/d-temp-10-baptismal-font-2554096_by_roall_cc0-gem-1-768x535.jpeg 768w, https:\/\/pfarrverband-dietramszell.de\/WordPress_02\/wp-content\/uploads\/2019\/10\/d-temp-10-baptismal-font-2554096_by_roall_cc0-gem-1-546x380.jpeg 546w\" sizes=\"auto, (max-width: 895px) 100vw, 895px\" \/><\/p>\n<p style=\"font-weight: 400;\">Liebe Eltern,<\/p>\n<p style=\"font-weight: 400;\">wir freuen uns mit Ihnen \u00fcber die Geburt Ihres Kindes. Es freut uns auch, dass Sie Ihr Kind im Pfarrverband Dietramszell taufen lassen m\u00f6chten.<\/p>\n<p style=\"font-weight: 400;\">Damit die Taufe f\u00fcr alle Beteiligten reibungslos ablaufen kann, m\u00f6chten wir Sie bitten, folgenden Infobrief zu beachten:<\/p>\n<p><span style=\"color: #000000;\"><em><strong><a style=\"color: #000000;\" href=\"http:\/\/pfarrverband-dietramszell.de\/WordPress_02\/wp-content\/uploads\/2025\/04\/Infobrief-Taufe-2025-intern.pdf\" target=\"_blank\" rel=\"noopener\"><span style=\"color: #ff0000;\">Informationen f\u00fcr Eltern aus dem Pfarrverband Dietramszell (Klick)<\/span><\/a> <\/strong><\/em><\/span><\/p>\n<p><span style=\"color: #000000;\"><em><strong><a style=\"color: #000000;\" href=\"http:\/\/pfarrverband-dietramszell.de\/WordPress_02\/wp-content\/uploads\/2025\/04\/Infobrief-Taufe-2025-auswaertig.pdf\" target=\"_blank\" rel=\"noopener\"><span style=\"color: #ff0000;\">Informationen f\u00fcr Eltern, die nicht im Pfarrverband Dietramszell wohnen (Klick)<\/span><\/a> <\/strong><\/em><\/span><\/p>\n\n","protected":false},"excerpt":{"rendered":"<p>Liebe Eltern, wir freuen uns mit Ihnen \u00fcber die Geburt Ihres Kindes. Es freut uns auch, dass Sie Ihr Kind im Pfarrverband Dietramszell taufen lassen m\u00f6chten. Damit die Taufe f\u00fcr alle Beteiligten reibungslos ablaufen kann, m\u00f6chten wir Sie bitten, folgenden Infobrief zu beachten: Informationen f\u00fcr Eltern aus dem Pfarrverband Dietramszell (Klick) Informationen f\u00fcr Eltern, die &hellip; <a href=\"https:\/\/pfarrverband-dietramszell.de\/WordPress_02\/?page_id=859\" class=\"more-link\">Weiterlesen <span class=\"screen-reader-text\">Taufe<\/span><\/a><\/p>\n","protected":false},"author":1,"featured_media":0,"parent":763,"menu_order":1,"comment_status":"closed","ping_status":"closed","template":"","meta":{"footnotes":""},"class_list":["post-859","page","type-page","status-publish","hentry","without-featured-image"],"_links":{"self":[{"href":"https:\/\/pfarrverband-dietramszell.de\/WordPress_02\/index.php?rest_route=\/wp\/v2\/pages\/859","targetHints":{"allow":["GET"]}}],"collection":[{"href":"https:\/\/pfarrverband-dietramszell.de\/WordPress_02\/index.php?rest_route=\/wp\/v2\/pages"}],"about":[{"href":"https:\/\/pfarrverband-dietramszell.de\/WordPress_02\/index.php?rest_route=\/wp\/v2\/types\/page"}],"author":[{"embeddable":true,"href":"https:\/\/pfarrverband-dietramszell.de\/WordPress_02\/index.php?rest_route=\/wp\/v2\/users\/1"}],"replies":[{"embeddable":true,"href":"https:\/\/pfarrverband-dietramszell.de\/WordPress_02\/index.php?rest_route=%2Fwp%2Fv2%2Fcomments&post=859"}],"version-history":[{"count":8,"href":"https:\/\/pfarrverband-dietramszell.de\/WordPress_02\/index.php?rest_route=\/wp\/v2\/pages\/859\/revisions"}],"predecessor-version":[{"id":5474,"href":"https:\/\/pfarrverband-dietramszell.de\/WordPress_02\/index.php?rest_route=\/wp\/v2\/pages\/859\/revisions\/5474"}],"up":[{"embeddable":true,"href":"https:\/\/pfarrverband-dietramszell.de\/WordPress_02\/index.php?rest_route=\/wp\/v2\/pages\/763"}],"wp:attachment":[{"href":"https:\/\/pfarrverband-dietramszell.de\/WordPress_02\/index.php?rest_route=%2Fwp%2Fv2%2Fmedia&parent=859"}],"curies":[{"name":"wp","href":"https:\/\/api.w.org\/{rel}","templated":true}]}}