{"id":596,"date":"2018-06-12T14:29:01","date_gmt":"2018-06-12T14:29:01","guid":{"rendered":"http:\/\/pfarrverband-dietramszell.de\/?page_id=596"},"modified":"2025-01-27T18:24:39","modified_gmt":"2025-01-27T18:24:39","slug":"datenschutzerklaerung","status":"publish","type":"page","link":"https:\/\/pfarrverband-dietramszell.de\/WordPress_02\/?page_id=596","title":{"rendered":"Datenschutzerkl\u00e4rung"},"content":{"rendered":"<h2><strong>Datenschutzerkl\u00e4rung<\/strong><\/h2>\n<p>Die Erzdi\u00f6zese\u00a0M\u00fcnchen und Freising Kd\u00f6R nimmt den Schutz von pers\u00f6nlichen Daten sehr ernst und h\u00e4lt sich an die Regeln der Datenschutzgesetze. Personenbezogene Daten werden auf dieser Webseite nur erhoben, wo dies aus inhaltlichen oder technischen Gr\u00fcnden erforderlich ist. In keinem Fall werden die erhobenen Daten verkauft oder aus anderen Gr\u00fcnden an Dritte weitergegeben.<\/p>\n<p>Die nachfolgenden Ausf\u00fchrungen geben einen \u00dcberblick, wie die Erzdi\u00f6zese M\u00fcnchen und Freising diesen Schutz gew\u00e4hrleistet und welche Art von Daten zu welchem Zweck erhoben werden.<\/p>\n<p><strong>Personenbezogene Daten<\/strong><br \/>\nPersonenbezogene Daten sind Informationen, die dazu genutzt werden k\u00f6nnen, die Identit\u00e4t eines Nutzers in Erfahrung zu bringen. Darunter fallen Informationen wie richtiger Name, Adresse, Postanschrift oder Telefonnummer. Informationen, die nicht direkt mit der wirklichen Identit\u00e4t in Verbindung gebracht werden (wie zum Beispiel favorisierte Webseiten oder Anzahl der Nutzer einer Site) fallen nicht darunter.<\/p>\n<p>Man kann das Online-Angebot\u00a0der Erzdi\u00f6zese M\u00fcnchen und Freising grunds\u00e4tzlich ohne Offenlegung der Identit\u00e4t nutzen. Die Erzdi\u00f6zese erhebt und speichert automatisch in ihren Server-Log-Files Informationen, die vom Browser \u00fcbermittelt werden. Dies sind:<br \/>\n1. die Seite, von der aus die Datei angefordert wurde<br \/>\n2. der Name der aufgerufenen Datei<br \/>\n3. das Datum und die Uhrzeit der Anforderung<br \/>\n4. die \u00fcbertragene Datenmenge<br \/>\n5. der Zugriffsstatus (Datei \u00fcbertragen, Datei nicht gefunden, etc.)<br \/>\n6. die Beschreibung des verwendeten Webbrowsertyps bzw. des verwendeten Betriebssystems<br \/>\n7. die IP-Adresse des anfordernden Rechners<\/p>\n<p>Die gespeicherten Daten werden ausschlie\u00dflich anonymisiert zu technischen oder statistischen Zwecken verwendet; ein Abgleich mit anderen Datenbest\u00e4nden oder eine Weitergabe an Dritte, auch in Ausz\u00fcgen, findet nicht statt. Die Daten werden zudem nach einer statistischen Auswertung gel\u00f6scht. Die statistische Auswertung anonymisierter Datens\u00e4tze bleibt vorbehalten.<\/p>\n<p>Wenn Sie sich z. B. \u00fcber ein Anmeldeformular zu einer Veranstaltung anmelden, erheben wir personenbezogene Daten. Wir werden dabei nur die Daten erheben, die f\u00fcr den konkreten Zweck erforderlich sind. Die erhobenen Daten werden dar\u00fcber hinaus nur f\u00fcr den konkreten Zweck der Datenerhebung verwendet bzw. f\u00fcr die bei dem einzelnen Anmeldeformular ggf. explizit genannten anderen Zwecke verarbeitet und nicht dar\u00fcberhinaus an Dritte weitergegeben.\u201c<\/p>\n<p><strong>Erhebung personenbezogener Daten<\/strong><br \/>\nIm Angebot des Erzbistums M\u00fcnchen und Freising besteht die M\u00f6glichkeit zur Eingabe pers\u00f6nlicher oder gesch\u00e4ftlicher Daten (E-Mail-Adressen, Namen, Anschriften) bei Schreiben an sie, f\u00fcr Bestellzwecke, f\u00fcr Feedbacks sowie ggf. zur Abonnierung von Newslettern und zur Teilnahme an Diskussionsforen. Die Nutzung der angebotenen Serviceleistungen und Dienste seitens des Nutzers erfolgt ausdr\u00fccklich auf freiwilliger Basis.<\/p>\n<p>Personenbezogene Daten werden von uns nur dann erhoben, genutzt und ggfs. weitergegeben, wenn dies gesetzlich erlaubt ist. Auf keinen Fall werden die Daten in Gebiete au\u00dferhalb der EU transferiert. Eine gesetzliche Erlaubnis zu einer entsprechenden Verarbeitung basiert auf Art. 6 der EU-Datenschutz-Grundverordnung, weil<br \/>\n&#8211; die betroffene Person ihre Einwilligung zu der Verarbeitung der sie betreffenden personenbezogenen Daten f\u00fcr einen oder mehrere bestimmte Zwecke gegeben hat;<br \/>\n&#8211; die Verarbeitung f\u00fcr die Erf\u00fcllung eines Vertrags, dessen Vertragspartei die betroffene Person ist, oder zur Durchf\u00fchrung vorvertraglicher Ma\u00dfnahmen erforderlich ist, die auf Anfrage der betroffenen Person erfolgen;<br \/>\n&#8211; die Verarbeitung zur Erf\u00fcllung einer rechtlichen Verpflichtung erforderlich ist, der der Verantwortliche unterliegt;<br \/>\n&#8211; die Verarbeitung erforderlich ist, um lebenswichtige Interessen der betroffenen Person oder einer anderen nat\u00fcrlichen Person zu sch\u00fctzen;<br \/>\n&#8211; die Verarbeitung f\u00fcr die Wahrnehmung einer Aufgabe erforderlich ist, die im \u00f6ffentlichen Interesse liegt oder in Aus\u00fcbung \u00f6ffentlicher Gewalt erfolgt, die dem Verantwortlichen \u00fcbertragen wurde;<br \/>\n&#8211; die Verarbeitung zur Wahrung der berechtigten Interessen des Verantwortlichen oder eines Dritten erforderlich ist, sofern nicht die Interessen oder Grundrechte und Grundfreiheiten der betroffenen Person, die den Schutz personenbezogener Daten erfordern, \u00fcberwiegen, insbesondere dann, wenn es sich bei der betroffenen Person um ein Kind handelt.<\/p>\n<p><strong>Kinder und Jugendliche<\/strong><br \/>\nDie Erzdi\u00f6zese erhebt \u00fcber die Webseite keine Daten von Kindern und Jugendlichen unter 18 Jahren. Sollten Personen unter 16 Jahren personenbezogene Daten an die Erzdi\u00f6zese \u00fcbermitteln, so d\u00fcrfen die Daten nur verarbeitet werden, wenn eine Einwilligung durch den Personensorgeberechtigten erteilt wird.<\/p>\n<p><strong>Recht auf Widerruf<\/strong><br \/>\nWenn\u00a0der Erzdi\u00f6zese M\u00fcnchen und Freising personenbezogene Daten \u00fcberlassen wurden, kann deren Nutzung jederzeit widerrufen werden. F\u00fcr eine vollst\u00e4ndige L\u00f6schung des Zugangs wendet man sich direkt an den Webmaster unter online-redaktion@st-michaelsbund.de. Die L\u00f6schung erfolgt umgehend. Bis zu diesem Zeitpunkt erstellte Beitr\u00e4ge bleiben allerdings unter Umst\u00e4nden erhalten.<br \/>\n<strong><br \/>\nCookies<\/strong><br \/>\nDie Internetseiten\u00a0der Erzdi\u00f6zese M\u00fcnchen und Freising verwenden an mehreren Stellen so genannte Cookies. Sie dienen dazu, das Angebot nutzerfreundlicher, effektiver und sicherer zu machen. Cookies sind kleine Textdateien, die auf dem eingew\u00e4hlten Rechner abgelegt werden und die der Browser speichert. Die von der Erzdi\u00f6zese M\u00fcnchen und Freising verwendeten Cookies sind so genannte &#8222;Session-Cookies&#8220;. Sie werden nach Ende des Besuchs automatisch gel\u00f6scht. Cookies richten auf dem eingew\u00e4hlten Rechner keinen Schaden an und enthalten keine Viren.<br \/>\nSie k\u00f6nnen Ihren Browser so einstellen, dass Sie \u00fcber das Setzen von Cookies informiert werden und Cookies nur im Einzelfall erlauben, die Annahme von Cookies f\u00fcr bestimmte F\u00e4lle oder generell ausschlie\u00dfen sowie das automatische L\u00f6schen der Cookies beim Schlie\u00dfen des Browser aktivieren. Bei der Deaktivierung von Cookies kann die Funktionalit\u00e4t dieser Website eingeschr\u00e4nkt sein.<\/p>\n<p><strong>Newsletter<\/strong><br \/>\nUm sich zu einem auf den Internetseiten der Erzdi\u00f6zese M\u00fcnchen und Freising angebotenen Newsletter anzumelden, wird eine g\u00fcltige E-Mail-Adresse ben\u00f6tigt. Bei dem zweistufigen Anmeldeverfahren (double-opt-in) wird \u00fcberpr\u00fcft, ob der Inhaber der angegebenen E-Mail-Adresse mit dem Empfang des Newsletters einverstanden ist. Weitere Daten werden nicht erhoben.<\/p>\n<p>Die E-Mail-Adressen hierf\u00fcr werden auf dem Server der Website gespeichert und f\u00fcr keine anderen Zwecke als den Versand der Newsletter verwendet. Die Abonnenten der Newsletter k\u00f6nnen jederzeit selbst das Abonnement k\u00fcndigen; die E-Mail-Adressen werden dadurch automatisch gel\u00f6scht.\u00a0Die versandten Newsletter verweisen je auf eine entsprechende Funktionsseite. In jedem Fall (Bestellung, Newsletter, Feedback) werden die angegebenen pers\u00f6nlichen Daten (E-Mail-Adresse) nur f\u00fcr die \u00dcbersendung der gew\u00fcnschten Ver\u00f6ffentlichungen oder Informationen bzw. f\u00fcr die bei dem einzelnen Formular ggf. explizit genannten anderen Zwecke verarbeitet und nicht an Dritte weitergegeben.<\/p>\n<p><strong>Beitr\u00e4ge<\/strong><br \/>\nDie Beitr\u00e4ge auf den Seiten der Erzdi\u00f6zese M\u00fcnchen und Freising sind f\u00fcr jeden zug\u00e4nglich. Die Beitr\u00e4ge sollten deshalb vor der Ver\u00f6ffentlichung sorgf\u00e4ltig darauf \u00fcberpr\u00fcft werden, ob sie Angaben enthalten, die nicht f\u00fcr die \u00d6ffentlichkeit bestimmt sind. Die Beitr\u00e4ge werden m\u00f6glicherweise in Suchmaschinen erfasst und sind auch ohne gezielten Aufruf dieser Website weltweit zugreifbar.<\/p>\n<p><strong>Speicherung, Auskunftsrecht, L\u00f6schung<\/strong><br \/>\nWenn wir Ihre Daten auf Grund einer bestehenden gesetzlichen Erlaubnis (s. oben) speichern, so geschieht dies nur so lange als die Daten tats\u00e4chlich f\u00fcr den angegebenen Zweck noch ben\u00f6tigt werden. Nicht mehr ben\u00f6tigte Daten werden jeweils am Ende des letzten Nutzungsjahres gel\u00f6scht.<\/p>\n<p>Sie haben das Recht, Auskunft \u00fcber die zu Ihrer Person gespeicherten Daten zu erhalten. Auskunft \u00fcber die gespeicherten Daten gibt die Internetredaktion des Bistums (online-redaktion(at)st-michaelsbund.de).<\/p>\n<p>Die L\u00f6schung der gespeicherten personenbezogenen Daten erfolgt, wenn Sie Ihre Einwilligung zur Speicherung widerrufen, wenn ihre Kenntnis zur Erf\u00fcllung des mit der Speicherung verfolgten Zwecks nicht mehr erforderlich ist oder wenn ihre Speicherung aus sonstigen gesetzlichen Gr\u00fcnden unzul\u00e4ssig ist.<br \/>\nSind die gespeicherten Daten unrichtig, so kann die betroffene Person ihre Berichtigung verlangen.<\/p>\n<p><strong>Elektronische Post (E-Mail)<\/strong><br \/>\nInformationen, die Sie unverschl\u00fcsselt per Elektronische Post (E-Mail) an uns senden, k\u00f6nnen m\u00f6glicherweise auf dem \u00dcbertragungsweg von Dritten gelesen werden. Wir k\u00f6nnen in der Regel auch Ihre Identit\u00e4t nicht \u00fcberpr\u00fcfen und wissen nicht, wer wirklicher Inhaber einer E-Mail-Adresse ist. Eine rechtssichere Kommunikation durch einfache E-Mail ist daher nicht gew\u00e4hrleistet. Wie viele E-Mail-Anbieter setzen wir Filter gegen unerw\u00fcnschte Werbung (\u201eSPAM-Filter\u201c) ein, die in einigen \u00a0F\u00e4llen auch normale E-Mails f\u00e4lschlicherweise automatisch als unerw\u00fcnschte Werbung einordnen und l\u00f6schen. E-Mails, die sch\u00e4digende Programme (\u201eViren\u201c) enthalten, werden von uns in jedem Fall automatisch gel\u00f6scht.<br \/>\nWenn Sie schutzw\u00fcrdige Nachrichten an uns senden wollen, empfehlen wir, die Nachricht auf konventionellem Postwege an uns zu senden.<\/p>\n<p>Weiterhin steht ein Formular zur Verf\u00fcgung, das eine von Ende-zu-Ende-verschl\u00fcsselte \u00dcbertragung von Informationen an Dienststellen und Mitarbeiter des Erzbistums gew\u00e4hrleistet. Dieses erreichen sie \u00fcber die Seite <a href=\"https:\/\/www.erzbistum-muenchen.de\/-\/kontakt-ansprechpartner\">Kontakt<\/a>. Werden Informationen mit diesem Formular verschickt, k\u00f6nnen sie nicht von dritten mitgelesen werden, so wie dies bei eMails der Fall ist.<\/p>\n<p><strong>Social Plugins<br \/>\n<\/strong>Unser Internetauftritt verwendet Social Plugins (&#8222;Plugins\u201c) der Firma Heise. Dabei wird eine zun\u00e4chst deaktivierte Schaltfl\u00e4che zu Interaktionen bei Facebook, Google-Plus und Twitter eingebunden. Die Daten der Nutzer der Website werden dadurch nicht ohne deren Zustimmung an die Betreiber der Netzwerk-Plattformen gesendet. Erst wenn der Anwender den jeweiligen Button anklickt, wird dieser aktiviert. Damit\u00a0gibt der User\u00a0seine Zustimmung zur Kommunikation mit Facebook (Betreiber: Facebook Inc., 1601 S. California Ave, Palo Alto, CA 94304, USA), Twitter (Betreiber: Twitter Inc., 795 Folsom St., Suite 600, San Francisco, CA 94107, USA) und Google+ (Betreiber: <em>Google<\/em> LLC 1600 Amphitheatre Parkway Mountain View, CA 94043). Dann, nach dieser Zustimmung durch den Anwender, baut dessen Browser eine direkte Verbindung mit den Servern von Facebook, Google und Twitter auf.<\/p>\n<p>Durch die Einbindung der Plugins erh\u00e4lt Facebook die Information, dass Sie die entsprechende Seite unseres Internetauftritts aufgerufen haben. Sind Sie bei Facebook eingeloggt, kann Facebook den Besuch Ihrem Facebook-Konto zuordnen. Wenn Sie mit den Plugins interagieren, zum Beispiel den Like Button bet\u00e4tigen oder einen Kommentar abgeben, wird die entsprechende Information von Ihrem Browser direkt an Facebook \u00fcbermittelt und dort gespeichert. Falls Sie kein Mitglied von Facebook sind, besteht trotzdem die M\u00f6glichkeit, dass Facebook Ihre IP-Adresse in Erfahrung bringt und speichert.<\/p>\n<p>Wir weisen ausdr\u00fccklich darauf hin, dass wir keine Kenntnis vom Umfang und Inhalt der an die jeweiligen sozialen Netzwerke \u00fcbermittelten Daten sowie deren Verarbeitung und Nutzung durch die jeweiligen sozialen Netzwerke haben.<\/p>\n<p>Weitere Informationen zum Datenschutz bei Facebook finden Sie in der Datenschutzerkl\u00e4rung von Facebook unter <a href=\"http:\/\/de-de.facebook.com\/policy.php\">http:\/\/de-de.facebook.com\/policy.php<\/a>.<\/p>\n<p>Weitere Informationen zum Datenschutz bei Twitter finden Sie in der Datenschutzerkl\u00e4rung von Twitter unter <a href=\"http:\/\/twitter.com\/privacy\">http:\/\/twitter.com\/privacy<\/a>. Ihre Datenschutzeinstellungen bei Twitter k\u00f6nnen Sie in den Konto-Einstellungen unter <a href=\"http:\/\/twitter.com\/account\/settings\">http:\/\/twitter.com\/account\/settings<\/a> \u00e4ndern<\/p>\n<p>Fall Sie von sich aus aktiv durch einen Klick auf die Social-Media-Symbole\u00a0das Plugin aktivieren, Facebookmitglied sind und nicht m\u00f6chten, dass Facebook \u00fcber unseren Internetauftritt Daten \u00fcber Sie sammelt und mit Ihren bei Facebook gespeicherten Mitgliedsdaten verkn\u00fcpft, m\u00fcssen Sie sich vor Ihrem Besuch unseres Internetauftritts bei Facebook ausloggen.<\/p>\n<p>Ebenfalls ist es m\u00f6glich Facebook-Social-Plugins mit Add-ons f\u00fcr Ihren Browser zu blocken, zum Beispiel mit dem &#8222;Facebook Blocker&#8220;.<\/p>\n<p><strong>Einsatz von YouTube-Komponenten mit erweitertem Datenschutzmodus<\/strong><br \/>\nAuf unserer Webseite setzen wir Komponenten (Videos) des Unternehmens YouTube, LLC 901 Cherry Ave., 94066 San Bruno, CA, USA, einem Unternehmen der Google Inc., Amphitheatre Parkway, Mountain View, CA 94043, USA, ein. Hierbei nutzen wir die von YouTube zur Verf\u00fcgung gestellte Option &#8220; &#8211; erweiterter Datenschutzmodus &#8211; &#8222;. Wenn Sie eine Seite aufrufen, die \u00fcber ein eingebettetes Video verf\u00fcgt, wird eine Verbindung zu den YouTube-Servern hergestellt und dabei der Inhalt durch Mitteilung an Ihren Browser auf der Internetseite dargestellt. Laut den Angaben von YouTube werden im &#8220; &#8211; erweiterten Datenschutzmodus -&#8220; nur Daten an den YouTube-Server \u00fcbermittelt, insbesondere welche unserer Internetseiten Sie besucht haben, wenn Sie das Video anschauen. Sind Sie gleichzeitig bei YouTube eingeloggt, werden diese Informationen Ihrem Mitgliedskonto bei YouTube zugeordnet. Dies k\u00f6nnen Sie verhindern, indem Sie sich vor dem Besuch unserer Website von Ihrem Mitgliedskonto abmelden.<br \/>\nWeitere Informationen zum Datenschutz von YouTube werden von Google unter dem folgenden Link bereitgestellt: <a href=\"https:\/\/www.google.de\/intl\/de\/policies\/privacy\/\">https:\/\/www.google.de\/intl\/de\/policies\/privacy\/<\/a><\/p>\n<p><strong>Statistik<br \/>\n<\/strong>a) Webtrends<br \/>\nDiese Webseite benutzt das Analyse-Tool Webtrends um statistische Auswertungen \u00fcber die Nutzung der Webseite zu erzeugen. Die mit Webtrends erzeugten Auswertungen sind anonymisiert und lassen sich nicht zur Identifikation einzelner Personen nutzen. Eine Verkn\u00fcpfung der gespeicherten Daten mit anderen Datenquellen oder eine Weitergabe an Dritte findet nicht statt.<\/p>\n<p>b) Google-Analytics<br \/>\nDiese Website benutzt Google Analytics, einen Webanalysedienst der Google Inc. (\u201eGoogle\u201c). Google Analytics verwendet sog. \u201eCookies\u201c, Textdateien, die auf Ihrem Computer gespeichert werden und die eine Analyse der Benutzung der Website durch Sie erm\u00f6glichen. Die durch das Cookie erzeugten Informationen \u00fcber Ihre Benutzung dieser Website werden in der Regel an einen Server von Google in den USA \u00fcbertragen und dort gespeichert. Im Falle der Aktivierung der IP-Anonymisierung auf dieser Website, wird Ihre IP-Adresse von Google jedoch innerhalb von Mitgliedstaaten der Europ\u00e4ischen Union oder in anderen Vertragsstaaten des Abkommens \u00fcber den Europ\u00e4ischen Wirtschaftsraum zuvor gek\u00fcrzt. Nur in Ausnahmef\u00e4llen wird die volle IP-Adresse an einen Server von Google in den USA \u00fcbertragen und dort gek\u00fcrzt. Im Auftrag des Betreibers dieser Website wird Google diese Informationen benutzen, um Ihre Nutzung der Website auszuwerten, um Reports \u00fcber die Websiteaktivit\u00e4ten zusammenzustellen und um weitere mit der Websitenutzung und der Internetnutzung verbundene Dienstleistungen gegen\u00fcber dem Websitebetreiber zu erbringen. Die im Rahmen von Google Analytics von Ihrem Browser \u00fcbermittelte IP-Adresse wird nicht mit anderen Daten von Google zusammengef\u00fchrt. Sie k\u00f6nnen die Speicherung der Cookies durch eine entsprechende Einstellung Ihrer Browser-Software verhindern; wir weisen Sie jedoch darauf hin, dass Sie in diesem Fall gegebenenfalls nicht s\u00e4mtliche Funktionen dieser Website vollumf\u00e4nglich werden nutzen k\u00f6nnen. Sie k\u00f6nnen dar\u00fcber hinaus die Erfassung der durch das Cookie erzeugten und auf Ihre Nutzung der Website bezogenen Daten (inkl. Ihrer IP-Adresse) an Google sowie die Verarbeitung dieser Daten durch Google verhindern, indem Sie das unter dem folgenden Link\u00a0 verf\u00fcgbare Browser-Plugin herunterladen und installieren: <a href=\"http:\/\/tools.google.com\/dlpage\/gaoptout?hl=de\">http:\/\/tools.google.com\/dlpage\/gaoptout?hl=de<\/a>.<\/p>\n<p>N\u00e4here Informationen zu Nutzungsbedingungen und Datenschutz finden Sie unter <a href=\"http:\/\/www.google.com\/analytics\/terms\/de.html\">http:\/\/www.google.com\/analytics\/terms\/de.html<\/a> bzw. unter\u00a0<a href=\"https:\/\/www.google.de\/intl\/de\/policies\/\">https:\/\/www.google.de\/intl\/de\/policies\/<\/a>. Wir weisen Sie darauf hin, dass auf dieser Website Google Analytics um den Code \u201eanonymizeIp\u201c erweitert wurde, um eine anonymisierte Erfassung von IP-Adressen (sog. IP-Masking) zu gew\u00e4hrleisten.<\/p>\n<p><strong>Suche der Seite &#8211; OnSiteSuche<\/strong><br \/>\nDie Daten, die in das Suche-Feld der Site eingegeben werden, werden vom Besucher der Seite verschl\u00fcsselt an den Server des Erzbistums \u00fcbergeben. Dieser \u00fcbergibt diese Daten verschl\u00fcsselt an Google und empf\u00e4ngt von Google die Such-Ergebnisse, die der Erbistums-Server dem Besucher \u00fcbermittelt. Die Identit\u00e4t des Besuchers (IP-Adresse) wird nicht an Google \u00fcbermittelt. Auf dem Erzbistums-Server wird die IP-Adresse des Besuchers ausschlie\u00dflich dazu gespeichert, um die Ergebnisse der Sucheanfrage dem Besucher \u00fcbermitteln zu k\u00f6nnen. Eine weitere Verarbeitung findet nicht statt.<\/p>\n<p><strong>Karten und Geosysteme<\/strong><br \/>\nUnter der URL http:\/\/webmaster.erzbistum-muenchen.de\/maps\/galerie\/?group=1981ff2b7c4844b1adce246f779db972 werden Karten und Geoanwendungen angeboten, die von altafx (Betreiber alta 4 AG, Im Posthof am Kornmarkt, Fleischstr. 57, 54290 Trier) und ESRI (Betreiber: Esri Deutschland GmbH, Ringstra\u00dfe 7, 85402 Kranzberg) bereitgestellt werden.<\/p>\n<p><strong>Haftungshinweis<\/strong><br \/>\nDie Erzdi\u00f6zese M\u00fcnchen und Freising \u00fcbernimmt keinerlei Gew\u00e4hr f\u00fcr die Aktualit\u00e4t, Korrektheit, Vollst\u00e4ndigkeit oder Qualit\u00e4t der bereitgestellten Informationen. Haftungsanspr\u00fcche gegen die Erzdi\u00f6zese M\u00fcnchen und Freising, welche sich auf Sch\u00e4den materieller oder ideeller Art beziehen, die durch die Nutzung oder Nichtnutzung der dargebotenen Informationen bzw. durch die Nutzung fehlerhafter und unvollst\u00e4ndiger Informationen verursacht wurden, sind grunds\u00e4tzlich ausgeschlossen, sofern seitens der Erzdi\u00f6zese M\u00fcnchen und Freising kein nachweislich vors\u00e4tzliches oder grob fahrl\u00e4ssiges Verschulden vorliegt. Alle Angebote sind freibleibend und unverbindlich. Die Erzdi\u00f6zese M\u00fcnchen und Freising beh\u00e4lt es sich ausdr\u00fccklich vor, Teile der Seiten oder das gesamte Angebot ohne gesonderte Ank\u00fcndigung zu ver\u00e4ndern, zu erg\u00e4nzen, zu l\u00f6schen oder die Ver\u00f6ffentlichung zeitweise oder endg\u00fcltig einzustellen.<\/p>\n<p>Bei direkten oder indirekten Verweisen auf fremde Internetseiten (&#8222;Links&#8220;), die au\u00dferhalb des Verantwortungsbereiches der Erzdi\u00f6zese M\u00fcnchen und Freising liegen, w\u00fcrde eine Haftungsverpflichtung ausschlie\u00dflich in dem Fall in Kraft treten, in dem die Erzdi\u00f6zese M\u00fcnchen und Freising von den Inhalten Kenntnis hat und es ihm technisch m\u00f6glich und zumutbar w\u00e4re, die Nutzung im Falle rechtswidriger Inhalte zu verhindern. Trotz sorgf\u00e4ltiger inhaltlicher Kontrolle \u00fcbernehmen wir keine Haftung f\u00fcr die Inhalte externer Links. F\u00fcr den Inhalt der verlinkten Seiten sind ausschlie\u00dflich deren Betreiber verantwortlich.<\/p>\n<p>Die Erzdi\u00f6zese M\u00fcnchen und Freising erkl\u00e4rt daher ausdr\u00fccklich, dass zum Zeitpunkt der Linksetzung die entsprechenden verlinkten Seiten frei von illegalen Inhalten waren. Der Autor hat keinerlei Einfluss auf die aktuelle und zuk\u00fcnftige Gestaltung und auf die Inhalte der gelinkten\/verkn\u00fcpften Seiten. Deshalb distanziert sie sich hiermit ausdr\u00fccklich von allen Inhalten aller gelinkten \/verkn\u00fcpften Seiten, die nach der Linksetzung ver\u00e4ndert wurden. Diese Feststellung gilt f\u00fcr alle innerhalb des eigenen Internetangebotes gesetzten Links und Verweise sowie f\u00fcr Fremdeintr\u00e4ge. F\u00fcr illegale, fehlerhafte oder unvollst\u00e4ndige Inhalte und insbesondere f\u00fcr Sch\u00e4den, die aus der Nutzung oder Nichtnutzung solcherart dargebotener Informationen entstehen, haftet allein der Anbieter der Seite, auf welche verwiesen wurde, nicht derjenige, der \u00fcber Links auf die jeweilige Ver\u00f6ffentlichung lediglich verweist.<\/p>\n<p><strong>Weitere Informationen<\/strong><br \/>\nIhr Vertrauen ist uns wichtig. Daher steht die Erzdi\u00f6zese M\u00fcnchen und Freising Ihnen jederzeit Rede und Antwort bez\u00fcglich der Verarbeitung Ihrer personenbezogenen Daten. Wenn Sie Fragen haben, die Ihnen diese Ausf\u00fchrungen nicht beantworten konnte oder wenn Sie zu einem Punkt vertiefte Informationen w\u00fcnschen, wenden Sie sich bitte schriftlich an online-redaktion@st-michaelsbund.de.<\/p>\n<p><strong>Betriebliche Datenschutzstelle AC.2.DS des Erzbisch\u00f6flichen Ordinariats M\u00fcnchen<br \/>\n<\/strong> Kapellenstr. 4<br \/>\n80333 M\u00fcnchen<br \/>\nTel. 089 \/ 2137-0<br \/>\neMail: datenschutz(at)eomuc.de<\/p>\n<p><strong>Katholisches Datenschutzzentrum Bayern (Kd\u00f6R)<br \/>\nDatenschutzaufsicht f\u00fcr die bayerischen (Erz-)Di\u00f6zesen<\/strong><\/p>\n<p>Vordere Sterngasse 1<\/p>\n<p>90402 N\u00fcrnberg<\/p>\n<p>Telefon:\u00a00911 477740 50<\/p>\n<p>Fax:\u00a00911 477740 59<\/p>\n<p>post(at)kdsz.bayern<\/p>\n<p><a href=\"http:\/\/www.kdsz.bayern\/\" target=\"_blank\" rel=\"noopener\">http:\/\/www.kdsz.bayern<\/a><\/p>\n","protected":false},"excerpt":{"rendered":"<p>Datenschutzerkl\u00e4rung Die Erzdi\u00f6zese\u00a0M\u00fcnchen und Freising Kd\u00f6R nimmt den Schutz von pers\u00f6nlichen Daten sehr ernst und h\u00e4lt sich an die Regeln der Datenschutzgesetze. Personenbezogene Daten werden auf dieser Webseite nur erhoben, wo dies aus inhaltlichen oder technischen Gr\u00fcnden erforderlich ist. In keinem Fall werden die erhobenen Daten verkauft oder aus anderen Gr\u00fcnden an Dritte weitergegeben. Die &hellip; <a href=\"https:\/\/pfarrverband-dietramszell.de\/WordPress_02\/?page_id=596\" class=\"more-link\">Weiterlesen <span class=\"screen-reader-text\">Datenschutzerkl\u00e4rung<\/span><\/a><\/p>\n","protected":false},"author":1,"featured_media":0,"parent":0,"menu_order":8,"comment_status":"closed","ping_status":"closed","template":"","meta":{"footnotes":""},"class_list":["post-596","page","type-page","status-publish","hentry","without-featured-image"],"_links":{"self":[{"href":"https:\/\/pfarrverband-dietramszell.de\/WordPress_02\/index.php?rest_route=\/wp\/v2\/pages\/596","targetHints":{"allow":["GET"]}}],"collection":[{"href":"https:\/\/pfarrverband-dietramszell.de\/WordPress_02\/index.php?rest_route=\/wp\/v2\/pages"}],"about":[{"href":"https:\/\/pfarrverband-dietramszell.de\/WordPress_02\/index.php?rest_route=\/wp\/v2\/types\/page"}],"author":[{"embeddable":true,"href":"https:\/\/pfarrverband-dietramszell.de\/WordPress_02\/index.php?rest_route=\/wp\/v2\/users\/1"}],"replies":[{"embeddable":true,"href":"https:\/\/pfarrverband-dietramszell.de\/WordPress_02\/index.php?rest_route=%2Fwp%2Fv2%2Fcomments&post=596"}],"version-history":[{"count":2,"href":"https:\/\/pfarrverband-dietramszell.de\/WordPress_02\/index.php?rest_route=\/wp\/v2\/pages\/596\/revisions"}],"predecessor-version":[{"id":5437,"href":"https:\/\/pfarrverband-dietramszell.de\/WordPress_02\/index.php?rest_route=\/wp\/v2\/pages\/596\/revisions\/5437"}],"wp:attachment":[{"href":"https:\/\/pfarrverband-dietramszell.de\/WordPress_02\/index.php?rest_route=%2Fwp%2Fv2%2Fmedia&parent=596"}],"curies":[{"name":"wp","href":"https:\/\/api.w.org\/{rel}","templated":true}]}}