{"id":5486,"date":"2025-04-04T08:17:50","date_gmt":"2025-04-04T08:17:50","guid":{"rendered":"https:\/\/pfarrverband-dietramszell.de\/WordPress_02\/?page_id=5486"},"modified":"2025-04-04T08:25:25","modified_gmt":"2025-04-04T08:25:25","slug":"praevention","status":"publish","type":"page","link":"https:\/\/pfarrverband-dietramszell.de\/WordPress_02\/?page_id=5486","title":{"rendered":"Pr\u00e4vention"},"content":{"rendered":"\n<p class=\"has-text-align-center\"><em>Geliebte, wir wollen einander lieben; denn die Liebe ist aus Gott und jeder, der liebt, stammt von Gott und erkennt Gott. Wer nicht liebt, hat Gott nicht erkannt; denn Gott ist Liebe. Niemand hat Gott je geschaut; wenn wir einander lieben, bleibt Gott in uns und seine Liebe ist in uns vollendet.<\/em><br><em>1 Johannesbrief 4, 7,8,12<\/em><\/p>\n\n\n\n<p>Als Kirche ist unser Auftrag das Evangelium Jesu zu verk\u00fcnden und Gott zu bezeugen, der jeden Menschen annimmt. Der erste Johannesbrief macht deutlich, dass wir diesen Gott nicht schauen k\u00f6nnen. Wir k\u00f6nnen ihn und sein Wirken durch unsere Haltung und unser Verhalten aber der Welt anschaubar machen. Beides beschreibt der Johannesbrief mit dem Wort <em>lieben<\/em>.<\/p>\n<p><br>Das Lieben beginnt in uns bei unserer pers\u00f6nlichen Haltung gegen\u00fcber uns selbst und unseren Mitmenschen und verwirklicht sich in unserem Handeln. Einander lieben setzt voraus, dass in jedem Menschen \u2013 unabh\u00e4ngig von Alter oder Geschlecht \u2013 Gottes Eben-bild gesehen wird. Es bedingt, dass jedem Menschen mit gr\u00f6\u00dfter Achtung und Wertsch\u00e4tzung begegnet wird und jedem Respekt zuteilwird. Auch bedingt die Liebe zueinander, dass gerade die Kleinen und Schwachen besondere Aufmerksamkeit und Schutz erhalten.<\/p>\n<p><br>So wird Gottes Dasein und Wirken unter uns erfahrbar und zeigt jene Ans\u00e4tze einer Welt nach dem Ma\u00dfstab Gottes, wie sie Christus in seiner Botschaft vom Reich Gottes verk\u00fcndet hat.<\/p>\n<p><br>Seit dem Jahr 2010 sind zahlreiche F\u00e4lle von sexualisierter Gewalt gegen Kinder, Jugendliche und schutzbed\u00fcrftige Erwachsene im Raum von Kirche aufgedeckt worden. Im Pfarrverband setzen wir uns daf\u00fcr ein, dass solche F\u00e4lle nicht passieren und Strukturen geschaffen werden, die Missbrauch verhindern.<\/p>\n<p>&nbsp;<\/p>\n\n\n\n<p><a href=\"http:\/\/pfarrverband-dietramszell.de\/WordPress_02\/wp-content\/uploads\/2025\/04\/Schutzkonzept-des-Pfarrverbands-Dietramszell-Stand-Maerz-2025.pdf\" data-type=\"page\" data-id=\"5486\" target=\"_blank\" rel=\"noreferrer noopener\">Schutzkonzept des Pfarrverbands Dietramszell (Klick)<\/a><\/p>\n\n\n\n<p><a href=\"http:\/\/pfarrverband-dietramszell.de\/WordPress_02\/wp-content\/uploads\/2025\/04\/Formular-Verhaltenskodex-PV-Dietramszell.pdf\" target=\"_blank\" rel=\"noreferrer noopener\">Verhaltenskodex des Pfarrverbands Dietramszell (Klick)<\/a><\/p>\n\n\n\n<p><a href=\"http:\/\/pfarrverband-dietramszell.de\/WordPress_02\/wp-content\/uploads\/2025\/04\/Veroeffentlichung-Beratungs-und-Beschwerdewege-im-PV-Dietramszell.pdf\" target=\"_blank\" rel=\"noreferrer noopener\">Beratungs- und Beschwerdewege im Pfarrverband Dietramszell (Klick)<\/a><\/p>\n\n\n\n\n","protected":false},"excerpt":{"rendered":"<p>Geliebte, wir wollen einander lieben; denn die Liebe ist aus Gott und jeder, der liebt, stammt von Gott und erkennt Gott. Wer nicht liebt, hat Gott nicht erkannt; denn Gott ist Liebe. Niemand hat Gott je geschaut; wenn wir einander lieben, bleibt Gott in uns und seine Liebe ist in uns vollendet.1 Johannesbrief 4, 7,8,12 &hellip; <a href=\"https:\/\/pfarrverband-dietramszell.de\/WordPress_02\/?page_id=5486\" class=\"more-link\">Weiterlesen <span class=\"screen-reader-text\">Pr\u00e4vention<\/span><\/a><\/p>\n","protected":false},"author":1,"featured_media":0,"parent":0,"menu_order":0,"comment_status":"closed","ping_status":"closed","template":"","meta":{"footnotes":""},"class_list":["post-5486","page","type-page","status-publish","hentry","without-featured-image"],"_links":{"self":[{"href":"https:\/\/pfarrverband-dietramszell.de\/WordPress_02\/index.php?rest_route=\/wp\/v2\/pages\/5486","targetHints":{"allow":["GET"]}}],"collection":[{"href":"https:\/\/pfarrverband-dietramszell.de\/WordPress_02\/index.php?rest_route=\/wp\/v2\/pages"}],"about":[{"href":"https:\/\/pfarrverband-dietramszell.de\/WordPress_02\/index.php?rest_route=\/wp\/v2\/types\/page"}],"author":[{"embeddable":true,"href":"https:\/\/pfarrverband-dietramszell.de\/WordPress_02\/index.php?rest_route=\/wp\/v2\/users\/1"}],"replies":[{"embeddable":true,"href":"https:\/\/pfarrverband-dietramszell.de\/WordPress_02\/index.php?rest_route=%2Fwp%2Fv2%2Fcomments&post=5486"}],"version-history":[{"count":5,"href":"https:\/\/pfarrverband-dietramszell.de\/WordPress_02\/index.php?rest_route=\/wp\/v2\/pages\/5486\/revisions"}],"predecessor-version":[{"id":5494,"href":"https:\/\/pfarrverband-dietramszell.de\/WordPress_02\/index.php?rest_route=\/wp\/v2\/pages\/5486\/revisions\/5494"}],"wp:attachment":[{"href":"https:\/\/pfarrverband-dietramszell.de\/WordPress_02\/index.php?rest_route=%2Fwp%2Fv2%2Fmedia&parent=5486"}],"curies":[{"name":"wp","href":"https:\/\/api.w.org\/{rel}","templated":true}]}}