{"id":5187,"date":"2023-09-25T13:14:35","date_gmt":"2023-09-25T13:14:35","guid":{"rendered":"https:\/\/pfarrverband-dietramszell.de\/WordPress_02\/?page_id=5187"},"modified":"2023-09-25T13:25:54","modified_gmt":"2023-09-25T13:25:54","slug":"erstkommunion","status":"publish","type":"page","link":"https:\/\/pfarrverband-dietramszell.de\/WordPress_02\/?page_id=5187","title":{"rendered":"Erstkommunion"},"content":{"rendered":"<p><img loading=\"lazy\" decoding=\"async\" width=\"532\" height=\"355\" class=\"wp-image-5190\" src=\"http:\/\/pfarrverband-dietramszell.de\/WordPress_02\/wp-content\/uploads\/2023\/09\/word-image-5187-1.jpeg\" srcset=\"https:\/\/pfarrverband-dietramszell.de\/WordPress_02\/wp-content\/uploads\/2023\/09\/word-image-5187-1.jpeg 532w, https:\/\/pfarrverband-dietramszell.de\/WordPress_02\/wp-content\/uploads\/2023\/09\/word-image-5187-1-300x200.jpeg 300w\" sizes=\"auto, (max-width: 532px) 100vw, 532px\" \/><\/p>\n<p>Kommunion ist die Teilhabe an der Mahlgemeinschaft der Gl\u00e4ubigen. Hier schenkt sich Jesus Christus uns Menschen im eucharistischen Brot. Er will uns ganz nahe sein, in uns und uns wandeln zum Guten hin \u2013 er ist das Brot des Lebens.<\/p>\n<p>Die (Erst)-Kommunion ist auch ein Bekenntnis des Glaubens ihres Kindes. An Gott zu glauben haben Sie als Eltern stellvertretend f\u00fcr ihr Kind in seiner Taufe beschlossen. Nun kann es diesen Entschluss selbst bekr\u00e4ftigen, indem es an der Mahlgemeinschaft der Gl\u00e4ubigen teilnimmt.<\/p>\n<p>Alle Kinder der 3. Klasse oder dar\u00fcber hinaus, welche noch nicht die Heilige Kommunion empfangen haben, sind herzlich zur Erstkommunionvorbereitung und zum Erstkommunionempfang eingeladen.<\/p>\n<p>Das wird ben\u00f6tigt:<\/p>\n<ol>\n<li>F\u00fcr die Anmeldung ist ein Taufschein oder Taufzeugnis (z.B. den Eintrag im Stammbuch) erforderlich.<\/li>\n<li>Zeit f\u00fcr die Elternabende, bei denen sie die n\u00f6tigen Informationen erhalten.<\/li>\n<\/ol>\n<p>Hier geht es zur Online-Anmeldung:<\/p>\n<p><a href=\"https:\/\/www.pfarrverband-dietramszell.de\/anmeldung\/erstkommunion\">https:\/\/www.pfarrverband-dietramszell.de\/anmeldung\/erstkommunion<\/a><\/p>\n<p>Falls die Online-Anmeldung nicht funktioniert, wenden Sie sich bitte an unser Pfarrb\u00fcro.<\/p>\n","protected":false},"excerpt":{"rendered":"<p>Kommunion ist die Teilhabe an der Mahlgemeinschaft der Gl\u00e4ubigen. Hier schenkt sich Jesus Christus uns Menschen im eucharistischen Brot. Er will uns ganz nahe sein, in uns und uns wandeln zum Guten hin \u2013 er ist das Brot des Lebens. Die (Erst)-Kommunion ist auch ein Bekenntnis des Glaubens ihres Kindes. An Gott zu glauben haben &hellip; <a href=\"https:\/\/pfarrverband-dietramszell.de\/WordPress_02\/?page_id=5187\" class=\"more-link\">Weiterlesen <span class=\"screen-reader-text\">Erstkommunion<\/span><\/a><\/p>\n","protected":false},"author":1,"featured_media":0,"parent":763,"menu_order":2,"comment_status":"closed","ping_status":"closed","template":"","meta":{"footnotes":""},"class_list":["post-5187","page","type-page","status-publish","hentry","without-featured-image"],"_links":{"self":[{"href":"https:\/\/pfarrverband-dietramszell.de\/WordPress_02\/index.php?rest_route=\/wp\/v2\/pages\/5187","targetHints":{"allow":["GET"]}}],"collection":[{"href":"https:\/\/pfarrverband-dietramszell.de\/WordPress_02\/index.php?rest_route=\/wp\/v2\/pages"}],"about":[{"href":"https:\/\/pfarrverband-dietramszell.de\/WordPress_02\/index.php?rest_route=\/wp\/v2\/types\/page"}],"author":[{"embeddable":true,"href":"https:\/\/pfarrverband-dietramszell.de\/WordPress_02\/index.php?rest_route=\/wp\/v2\/users\/1"}],"replies":[{"embeddable":true,"href":"https:\/\/pfarrverband-dietramszell.de\/WordPress_02\/index.php?rest_route=%2Fwp%2Fv2%2Fcomments&post=5187"}],"version-history":[{"count":7,"href":"https:\/\/pfarrverband-dietramszell.de\/WordPress_02\/index.php?rest_route=\/wp\/v2\/pages\/5187\/revisions"}],"predecessor-version":[{"id":5198,"href":"https:\/\/pfarrverband-dietramszell.de\/WordPress_02\/index.php?rest_route=\/wp\/v2\/pages\/5187\/revisions\/5198"}],"up":[{"embeddable":true,"href":"https:\/\/pfarrverband-dietramszell.de\/WordPress_02\/index.php?rest_route=\/wp\/v2\/pages\/763"}],"wp:attachment":[{"href":"https:\/\/pfarrverband-dietramszell.de\/WordPress_02\/index.php?rest_route=%2Fwp%2Fv2%2Fmedia&parent=5187"}],"curies":[{"name":"wp","href":"https:\/\/api.w.org\/{rel}","templated":true}]}}