{"id":5185,"date":"2023-09-25T13:13:20","date_gmt":"2023-09-25T13:13:20","guid":{"rendered":"https:\/\/pfarrverband-dietramszell.de\/WordPress_02\/?page_id=5185"},"modified":"2023-09-25T13:28:28","modified_gmt":"2023-09-25T13:28:28","slug":"firmung","status":"publish","type":"page","link":"https:\/\/pfarrverband-dietramszell.de\/WordPress_02\/?page_id=5185","title":{"rendered":"Firmung"},"content":{"rendered":"<p><img loading=\"lazy\" decoding=\"async\" width=\"726\" height=\"484\" class=\"wp-image-5202\" src=\"http:\/\/pfarrverband-dietramszell.de\/WordPress_02\/wp-content\/uploads\/2023\/09\/word-image-5185-1.jpeg\" srcset=\"https:\/\/pfarrverband-dietramszell.de\/WordPress_02\/wp-content\/uploads\/2023\/09\/word-image-5185-1.jpeg 726w, https:\/\/pfarrverband-dietramszell.de\/WordPress_02\/wp-content\/uploads\/2023\/09\/word-image-5185-1-300x200.jpeg 300w, https:\/\/pfarrverband-dietramszell.de\/WordPress_02\/wp-content\/uploads\/2023\/09\/word-image-5185-1-570x380.jpeg 570w\" sizes=\"auto, (max-width: 726px) 100vw, 726px\" \/><\/p>\n<p>Die Firmung ist das <strong>Sakrament des Heiligen Geistes<\/strong>. Durch den Heiligen Geist will dir Gott St\u00e4rke und Mut schenken. Gerade in deinem Alter gewinnen die gro\u00dfen Entscheidungen des Lebens an Bedeutung: Welche Ziele habe ich im Leben? Welche Schwerpunkte m\u00f6chte ich setzen? Was m\u00f6chte ich einmal arbeiten \u2013 und welcher Weg f\u00fchrt dort hin? Und \u00fcberhaupt: Was hat Gott damit zu tun? In diesen Fragen m\u00f6chte Gott mit dir gehen und dich st\u00e4rken, damit du deine Ziele auch erreichen kannst. Zum anderen ist die Firmung auch ein Bekenntnis zu deinem Glauben: An den dreifaltigen Gott zu glauben haben deine Eltern stellvertretend f\u00fcr dich in deiner Taufe beschlossen. Nun kannst du diesen Entschluss selbst erneuern und bekr\u00e4ftigen.<\/p>\n<p>Alle Jugendlichen der 7. und 8. Klasse oder dar\u00fcber hinaus, welche noch nicht gefirmt sind, sind daher herzlich zum Firmvorbereitungskurs und zur Firmung eingeladen.<\/p>\n<p>Das wird ben\u00f6tigt:<\/p>\n<p>F\u00fcr die Anmeldung ein Taufzeugnis. Wenn der Firmbewerber nicht in unserem Pfarrverband getauft wurde, ben\u00f6tigen wir eine Kopie des Taufzeugnisses. Bei der Online-Anmeldung kann diese gleich mit hoch geladen werden.<\/p>\n<p>Der Firmbewerber braucht Zeit f\u00fcr die Treffen, Veranstaltungen und Gottesdienste, die im Rahmen der Firm-Vorbereitung angeboten werden. Die Termine erfahren sie bei der Anmeldung.<\/p>\n<p>Einen Paten \/ eine Patin, der \/ die der katholischen Kirche angeh\u00f6rt, mindestens 16 Jahre alt und bereits gefirmt ist. Sollte der Firmbewerber keine geeignete Person finden, kann auf den Paten \/ die Patin verzichtet werden oder eine Firmzeugin\/ ein Firmzeuge den Firmling begleiten<\/p>\n<p>Hier geht es zur Online-Anmeldung:<\/p>\n<p><a href=\"https:\/\/www.pfarrverband-dietramszell.de\/anmeldung\/firmung\">https:\/\/www.pfarrverband-dietramszell.de\/anmeldung\/firmung<\/a><\/p>\n<p>Falls die Online-Anmeldung nicht funktioniert, wenden Sie sich bitte an unser Pfarrb\u00fcro.<\/p>\n","protected":false},"excerpt":{"rendered":"<p>Die Firmung ist das Sakrament des Heiligen Geistes. Durch den Heiligen Geist will dir Gott St\u00e4rke und Mut schenken. Gerade in deinem Alter gewinnen die gro\u00dfen Entscheidungen des Lebens an Bedeutung: Welche Ziele habe ich im Leben? Welche Schwerpunkte m\u00f6chte ich setzen? Was m\u00f6chte ich einmal arbeiten \u2013 und welcher Weg f\u00fchrt dort hin? Und &hellip; <a href=\"https:\/\/pfarrverband-dietramszell.de\/WordPress_02\/?page_id=5185\" class=\"more-link\">Weiterlesen <span class=\"screen-reader-text\">Firmung<\/span><\/a><\/p>\n","protected":false},"author":1,"featured_media":0,"parent":763,"menu_order":3,"comment_status":"closed","ping_status":"closed","template":"","meta":{"footnotes":""},"class_list":["post-5185","page","type-page","status-publish","hentry","without-featured-image"],"_links":{"self":[{"href":"https:\/\/pfarrverband-dietramszell.de\/WordPress_02\/index.php?rest_route=\/wp\/v2\/pages\/5185","targetHints":{"allow":["GET"]}}],"collection":[{"href":"https:\/\/pfarrverband-dietramszell.de\/WordPress_02\/index.php?rest_route=\/wp\/v2\/pages"}],"about":[{"href":"https:\/\/pfarrverband-dietramszell.de\/WordPress_02\/index.php?rest_route=\/wp\/v2\/types\/page"}],"author":[{"embeddable":true,"href":"https:\/\/pfarrverband-dietramszell.de\/WordPress_02\/index.php?rest_route=\/wp\/v2\/users\/1"}],"replies":[{"embeddable":true,"href":"https:\/\/pfarrverband-dietramszell.de\/WordPress_02\/index.php?rest_route=%2Fwp%2Fv2%2Fcomments&post=5185"}],"version-history":[{"count":2,"href":"https:\/\/pfarrverband-dietramszell.de\/WordPress_02\/index.php?rest_route=\/wp\/v2\/pages\/5185\/revisions"}],"predecessor-version":[{"id":5203,"href":"https:\/\/pfarrverband-dietramszell.de\/WordPress_02\/index.php?rest_route=\/wp\/v2\/pages\/5185\/revisions\/5203"}],"up":[{"embeddable":true,"href":"https:\/\/pfarrverband-dietramszell.de\/WordPress_02\/index.php?rest_route=\/wp\/v2\/pages\/763"}],"wp:attachment":[{"href":"https:\/\/pfarrverband-dietramszell.de\/WordPress_02\/index.php?rest_route=%2Fwp%2Fv2%2Fmedia&parent=5185"}],"curies":[{"name":"wp","href":"https:\/\/api.w.org\/{rel}","templated":true}]}}