{"id":143,"date":"2017-02-05T18:32:13","date_gmt":"2017-02-05T18:32:13","guid":{"rendered":"http:\/\/pfarrverband-dietramszell.de\/?page_id=143"},"modified":"2017-11-01T15:21:09","modified_gmt":"2017-11-01T15:21:09","slug":"kuratie-lindenlochen","status":"publish","type":"page","link":"https:\/\/pfarrverband-dietramszell.de\/WordPress_02\/?page_id=143","title":{"rendered":"Kuratie Linden\/Lochen"},"content":{"rendered":"<p align=\"center\"><strong>Lochen<br \/>\n<\/strong><strong>Maria Magdalena<br \/>\nPatrozinium: 22. Juli<\/strong><\/p>\n<p style=\"text-align: left;\" align=\"center\"><img loading=\"lazy\" decoding=\"async\" class=\"wp-image-409 aligncenter\" src=\"http:\/\/pfarrverband-dietramszell.de\/wp-content\/uploads\/2017\/11\/IMG_0113-300x200.jpg\" alt=\"\" width=\"494\" height=\"329\" srcset=\"https:\/\/pfarrverband-dietramszell.de\/WordPress_02\/wp-content\/uploads\/2017\/11\/IMG_0113-300x200.jpg 300w, https:\/\/pfarrverband-dietramszell.de\/WordPress_02\/wp-content\/uploads\/2017\/11\/IMG_0113-768x512.jpg 768w, https:\/\/pfarrverband-dietramszell.de\/WordPress_02\/wp-content\/uploads\/2017\/11\/IMG_0113-1024x683.jpg 1024w, https:\/\/pfarrverband-dietramszell.de\/WordPress_02\/wp-content\/uploads\/2017\/11\/IMG_0113-570x380.jpg 570w\" sizes=\"auto, (max-width: 494px) 100vw, 494px\" \/><\/p>\n<p style=\"text-align: left;\" align=\"center\">Die jetzige Kirche wurde 1520 erbaut von Baumeister Thoman Gugler, Zimmermann vermutlich Balthasar Mannhard. Der Turm von 1520, Turmzwiebel 19. Jahrh.<\/p>\n<p style=\"text-align: left;\" align=\"center\"><img loading=\"lazy\" decoding=\"async\" class=\"wp-image-410 alignnone\" src=\"http:\/\/pfarrverband-dietramszell.de\/wp-content\/uploads\/2017\/11\/IMG_0114-e1509548013431-200x300.jpg\" alt=\"\" width=\"339\" height=\"509\" srcset=\"https:\/\/pfarrverband-dietramszell.de\/WordPress_02\/wp-content\/uploads\/2017\/11\/IMG_0114-e1509548013431-200x300.jpg 200w, https:\/\/pfarrverband-dietramszell.de\/WordPress_02\/wp-content\/uploads\/2017\/11\/IMG_0114-e1509548013431-768x1152.jpg 768w, https:\/\/pfarrverband-dietramszell.de\/WordPress_02\/wp-content\/uploads\/2017\/11\/IMG_0114-e1509548013431-683x1024.jpg 683w, https:\/\/pfarrverband-dietramszell.de\/WordPress_02\/wp-content\/uploads\/2017\/11\/IMG_0114-e1509548013431-253x380.jpg 253w\" sizes=\"auto, (max-width: 339px) 100vw, 339px\" \/><\/p>\n<div align=\"center\">\n<p style=\"text-align: left;\" align=\"center\"><img loading=\"lazy\" decoding=\"async\" class=\"wp-image-408 alignnone\" src=\"http:\/\/pfarrverband-dietramszell.de\/wp-content\/uploads\/2017\/11\/IMG_0112-300x200.jpg\" alt=\"\" width=\"516\" height=\"344\" srcset=\"https:\/\/pfarrverband-dietramszell.de\/WordPress_02\/wp-content\/uploads\/2017\/11\/IMG_0112-300x200.jpg 300w, https:\/\/pfarrverband-dietramszell.de\/WordPress_02\/wp-content\/uploads\/2017\/11\/IMG_0112-768x512.jpg 768w, https:\/\/pfarrverband-dietramszell.de\/WordPress_02\/wp-content\/uploads\/2017\/11\/IMG_0112-1024x683.jpg 1024w, https:\/\/pfarrverband-dietramszell.de\/WordPress_02\/wp-content\/uploads\/2017\/11\/IMG_0112-570x380.jpg 570w\" sizes=\"auto, (max-width: 516px) 100vw, 516px\" \/><\/p>\n<p align=\"center\"><strong>\u00a0<\/strong><\/p>\n<hr \/>\n<p align=\"center\"><strong>Linden<br \/>\n<\/strong><strong>Maria zu den sieben Schmerzen und Maternus<br \/>\nPatrozinium: 15. September<\/strong><\/p>\n<p align=\"center\"><img loading=\"lazy\" decoding=\"async\" class=\"wp-image-413 aligncenter\" src=\"http:\/\/pfarrverband-dietramszell.de\/wp-content\/uploads\/2017\/11\/IMG_0117-300x200.jpg\" alt=\"\" width=\"530\" height=\"353\" srcset=\"https:\/\/pfarrverband-dietramszell.de\/WordPress_02\/wp-content\/uploads\/2017\/11\/IMG_0117-300x200.jpg 300w, https:\/\/pfarrverband-dietramszell.de\/WordPress_02\/wp-content\/uploads\/2017\/11\/IMG_0117-768x512.jpg 768w, https:\/\/pfarrverband-dietramszell.de\/WordPress_02\/wp-content\/uploads\/2017\/11\/IMG_0117-1024x683.jpg 1024w, https:\/\/pfarrverband-dietramszell.de\/WordPress_02\/wp-content\/uploads\/2017\/11\/IMG_0117-570x380.jpg 570w\" sizes=\"auto, (max-width: 530px) 100vw, 530px\" \/><\/p>\n<p style=\"text-align: left;\" align=\"center\">Um 1500 wurde der jetzige Bau der Kirche erstellt, vermutlich von Maurermeister Melchior H\u00f6ckh von Holzkirchen<\/p>\n<\/div>\n<p style=\"text-align: left;\" align=\"center\"><img loading=\"lazy\" decoding=\"async\" class=\"wp-image-415 alignnone\" src=\"http:\/\/pfarrverband-dietramszell.de\/wp-content\/uploads\/2017\/11\/IMG_0119-e1509549000967-200x300.jpg\" alt=\"\" width=\"352\" height=\"528\" srcset=\"https:\/\/pfarrverband-dietramszell.de\/WordPress_02\/wp-content\/uploads\/2017\/11\/IMG_0119-e1509549000967-200x300.jpg 200w, https:\/\/pfarrverband-dietramszell.de\/WordPress_02\/wp-content\/uploads\/2017\/11\/IMG_0119-e1509549000967-768x1152.jpg 768w, https:\/\/pfarrverband-dietramszell.de\/WordPress_02\/wp-content\/uploads\/2017\/11\/IMG_0119-e1509549000967-683x1024.jpg 683w, https:\/\/pfarrverband-dietramszell.de\/WordPress_02\/wp-content\/uploads\/2017\/11\/IMG_0119-e1509549000967-253x380.jpg 253w\" sizes=\"auto, (max-width: 352px) 100vw, 352px\" \/><\/p>\n<p style=\"text-align: left;\" align=\"center\"><img loading=\"lazy\" decoding=\"async\" class=\"wp-image-416 aligncenter\" src=\"http:\/\/pfarrverband-dietramszell.de\/wp-content\/uploads\/2017\/11\/IMG_0120-e1509549074871-200x300.jpg\" alt=\"\" width=\"370\" height=\"555\" srcset=\"https:\/\/pfarrverband-dietramszell.de\/WordPress_02\/wp-content\/uploads\/2017\/11\/IMG_0120-e1509549074871-200x300.jpg 200w, https:\/\/pfarrverband-dietramszell.de\/WordPress_02\/wp-content\/uploads\/2017\/11\/IMG_0120-e1509549074871-768x1152.jpg 768w, https:\/\/pfarrverband-dietramszell.de\/WordPress_02\/wp-content\/uploads\/2017\/11\/IMG_0120-e1509549074871-683x1024.jpg 683w, https:\/\/pfarrverband-dietramszell.de\/WordPress_02\/wp-content\/uploads\/2017\/11\/IMG_0120-e1509549074871-253x380.jpg 253w\" sizes=\"auto, (max-width: 370px) 100vw, 370px\" \/><\/p>\n<div style=\"text-align: left;\" align=\"center\">\n<p>Die Kirchen Linden und Lochen geh\u00f6ren bei ihrer ersten urkundlichen Nennung zum Besitz des Klosters Tegernsee und aus der Zugeh\u00f6rigkeit zum Kloster sind vermutlich die Namen zu verstehen: Lohe hei\u00dft &#8222;lichter Wald, eine Rodungsstelle, Waldweide eines Klosters. Der Namen Linden deutet auf einen Bienenort, von dem das Kloster Honig und Wachs bezog.<\/p>\n<\/div>\n<p>&nbsp;<\/p>\n","protected":false},"excerpt":{"rendered":"<p>Lochen Maria Magdalena Patrozinium: 22. Juli Die jetzige Kirche wurde 1520 erbaut von Baumeister Thoman Gugler, Zimmermann vermutlich Balthasar Mannhard. Der Turm von 1520, Turmzwiebel 19. Jahrh. \u00a0 Linden Maria zu den sieben Schmerzen und Maternus Patrozinium: 15. September Um 1500 wurde der jetzige Bau der Kirche erstellt, vermutlich von Maurermeister Melchior H\u00f6ckh von Holzkirchen &hellip; <a href=\"https:\/\/pfarrverband-dietramszell.de\/WordPress_02\/?page_id=143\" class=\"more-link\">Weiterlesen <span class=\"screen-reader-text\">Kuratie Linden\/Lochen<\/span><\/a><\/p>\n","protected":false},"author":1,"featured_media":0,"parent":102,"menu_order":4,"comment_status":"closed","ping_status":"closed","template":"","meta":{"footnotes":""},"class_list":["post-143","page","type-page","status-publish","hentry","without-featured-image"],"_links":{"self":[{"href":"https:\/\/pfarrverband-dietramszell.de\/WordPress_02\/index.php?rest_route=\/wp\/v2\/pages\/143","targetHints":{"allow":["GET"]}}],"collection":[{"href":"https:\/\/pfarrverband-dietramszell.de\/WordPress_02\/index.php?rest_route=\/wp\/v2\/pages"}],"about":[{"href":"https:\/\/pfarrverband-dietramszell.de\/WordPress_02\/index.php?rest_route=\/wp\/v2\/types\/page"}],"author":[{"embeddable":true,"href":"https:\/\/pfarrverband-dietramszell.de\/WordPress_02\/index.php?rest_route=\/wp\/v2\/users\/1"}],"replies":[{"embeddable":true,"href":"https:\/\/pfarrverband-dietramszell.de\/WordPress_02\/index.php?rest_route=%2Fwp%2Fv2%2Fcomments&post=143"}],"version-history":[{"count":7,"href":"https:\/\/pfarrverband-dietramszell.de\/WordPress_02\/index.php?rest_route=\/wp\/v2\/pages\/143\/revisions"}],"predecessor-version":[{"id":461,"href":"https:\/\/pfarrverband-dietramszell.de\/WordPress_02\/index.php?rest_route=\/wp\/v2\/pages\/143\/revisions\/461"}],"up":[{"embeddable":true,"href":"https:\/\/pfarrverband-dietramszell.de\/WordPress_02\/index.php?rest_route=\/wp\/v2\/pages\/102"}],"wp:attachment":[{"href":"https:\/\/pfarrverband-dietramszell.de\/WordPress_02\/index.php?rest_route=%2Fwp%2Fv2%2Fmedia&parent=143"}],"curies":[{"name":"wp","href":"https:\/\/api.w.org\/{rel}","templated":true}]}}