{"id":135,"date":"2017-02-05T18:30:04","date_gmt":"2017-02-05T18:30:04","guid":{"rendered":"http:\/\/pfarrverband-dietramszell.de\/?page_id=135"},"modified":"2017-11-01T14:19:09","modified_gmt":"2017-11-01T14:19:09","slug":"kirchen-in-der-pfarrei-dietramszell","status":"publish","type":"page","link":"https:\/\/pfarrverband-dietramszell.de\/WordPress_02\/?page_id=135","title":{"rendered":"Pfarrei Dietramszell"},"content":{"rendered":"<p><img loading=\"lazy\" decoding=\"async\" class=\"wp-image-419 alignnone\" src=\"http:\/\/pfarrverband-dietramszell.de\/wp-content\/uploads\/2017\/11\/IMG_0123-300x200.jpg\" alt=\"\" width=\"457\" height=\"304\" srcset=\"https:\/\/pfarrverband-dietramszell.de\/WordPress_02\/wp-content\/uploads\/2017\/11\/IMG_0123-300x200.jpg 300w, https:\/\/pfarrverband-dietramszell.de\/WordPress_02\/wp-content\/uploads\/2017\/11\/IMG_0123-768x512.jpg 768w, https:\/\/pfarrverband-dietramszell.de\/WordPress_02\/wp-content\/uploads\/2017\/11\/IMG_0123-1024x683.jpg 1024w, https:\/\/pfarrverband-dietramszell.de\/WordPress_02\/wp-content\/uploads\/2017\/11\/IMG_0123-570x380.jpg 570w\" sizes=\"auto, (max-width: 457px) 100vw, 457px\" \/><\/p>\n<p>Dietramszell, s\u00fcdlich von M\u00fcnchen, inmitten ausgedehnter Waldungen gelegen, wurde in der Mitte des 12. Jahrhunderts als kleines Ausgustinerchorherrenstift gegr\u00fcndet, wobei das Benediktinerkloster Tegernsee gro\u00dfz\u00fcgig den ihm geh\u00f6renden Grund schenkte. Das Stift Dietramszell blieb zeitlebens ein armes und bescheidenes Stift, das oft an der Grenze des Existenzminimums war. Um so erstaunlicher, dass es im 18. Jahrhundert alle seine Kr\u00e4fte in \u00e4u\u00dferster Anstrengung zusammenraffte und eine der ansehnlichsten Kirchen Oberbayerns zustande brachte und dazu noch einen Kranz kleiner Barock- und Rokoko &#8211; Kirchen rings um den Klosterort.<\/p>\n<p><img loading=\"lazy\" decoding=\"async\" class=\" wp-image-420 alignleft\" src=\"http:\/\/pfarrverband-dietramszell.de\/wp-content\/uploads\/2017\/11\/IMG_0124-e1509545747757-200x300.jpg\" alt=\"\" width=\"268\" height=\"402\" srcset=\"https:\/\/pfarrverband-dietramszell.de\/WordPress_02\/wp-content\/uploads\/2017\/11\/IMG_0124-e1509545747757-200x300.jpg 200w, https:\/\/pfarrverband-dietramszell.de\/WordPress_02\/wp-content\/uploads\/2017\/11\/IMG_0124-e1509545747757-768x1152.jpg 768w, https:\/\/pfarrverband-dietramszell.de\/WordPress_02\/wp-content\/uploads\/2017\/11\/IMG_0124-e1509545747757-683x1024.jpg 683w, https:\/\/pfarrverband-dietramszell.de\/WordPress_02\/wp-content\/uploads\/2017\/11\/IMG_0124-e1509545747757-253x380.jpg 253w\" sizes=\"auto, (max-width: 268px) 100vw, 268px\" \/><\/p>\n<p>Nachdem 1766 die Kloster\u00f6konomie abgebrannt war und der Franzosenkrieg seinen Tribut gefordert hatte, war das Kloster wirtschaftlich wieder am Ruin und wurde 1803 in der allgemeinen S\u00e4kularisation schlie\u00dflich ganz aufgehoben. 1830 haben Salesianerinnen das Geb\u00e4ude angekauft und widmeten sich seither der Erziehung von M\u00e4dchen. Die M\u00e4dchen-Realschule wurde 1993 aufgel\u00f6st.<\/p>\n<p>&nbsp;<\/p>\n<p>&nbsp;<\/p>\n<p>&nbsp;<\/p>\n<p>&nbsp;<\/p>\n<p>Die Stiftskirche schwebte lange in Gefahr, abgebrochen zu werden, bis sie 1851 anstelle der kleineren Martinskirche zur Pfarrkirche erkl\u00e4rt und damit gerettet wurde. Ei Abbruch dieser Kirche w\u00e4re ein unersetzlicher Verlust f\u00fcr ganz Bayern gewesen, wie wir bei unserem Besuch unschwer feststellen k\u00f6nnen. Dabei ist die rechtwinkelige Wandpfeilerarchitektur mit Emporumg\u00e4ngen des unbekannten Baumeisters von der Stilgeschichte her gar nicht so aufregend, die Ausstattung ist es, welche den Reiz bringt. Freilich bietet die Architektur mit ihren gro\u00dfen Lichtfenstern und den kalkwei\u00dfen Reflektorfl\u00e4chen an den Wandpfeilern die Helligkeit und Lichtf\u00fclle, welche der M\u00fcnchner Hofstukkateurmeister und Maler Joh. Bapt. Zimmermann (1680 &#8211; 1758) brauchte, um seine formvollendeten und seine farbfrohen Fresken von 1744 mit Leuchtkraft zu erf\u00fcllen.<\/p>\n<p><img loading=\"lazy\" decoding=\"async\" class=\" wp-image-421 alignright\" src=\"http:\/\/pfarrverband-dietramszell.de\/wp-content\/uploads\/2017\/11\/IMG_0125-e1509545854375-200x300.jpg\" alt=\"\" width=\"275\" height=\"413\" srcset=\"https:\/\/pfarrverband-dietramszell.de\/WordPress_02\/wp-content\/uploads\/2017\/11\/IMG_0125-e1509545854375-200x300.jpg 200w, https:\/\/pfarrverband-dietramszell.de\/WordPress_02\/wp-content\/uploads\/2017\/11\/IMG_0125-e1509545854375-768x1152.jpg 768w, https:\/\/pfarrverband-dietramszell.de\/WordPress_02\/wp-content\/uploads\/2017\/11\/IMG_0125-e1509545854375-683x1024.jpg 683w, https:\/\/pfarrverband-dietramszell.de\/WordPress_02\/wp-content\/uploads\/2017\/11\/IMG_0125-e1509545854375-253x380.jpg 253w\" sizes=\"auto, (max-width: 275px) 100vw, 275px\" \/><\/p>\n<p>Das Hauptfresko ober dem Langhaus zeigt die Vision des hl. Augustinus als Ordenspatron, das Fresko vor dem Chorbogen die Gr\u00fcndung des Klosters durch den Priester Dietram, das Fresko \u00fcber dem Altarhaus die hl. Dreifaltigkeit, \u00fcber der Orgel die hl. C\u00e4cilia und das himmlische Engelskonzert, die Zwickelfresken im Langhaus die vier Evangelisten und die Seitenkappellenfresken das Leben der Kirchepatronin Maria. Das Hochaltarbild Joh. Bapt. Zimmermanns erinnert an die Aufnahme Mariens zum dreifaltigen Gott, eine dramatische Szene; auch mehrere Seitenaltarbilderstammen von Zimmermann und seinem Sch\u00fcler Martin Heigl. Die Bildhauerarbeiten an den sch\u00f6nen, aus Holz bestehenden und dann marmorartig gefassten Seitenalt\u00e4ren haben Franz Xaver Schm\u00e4dl und Philipp R\u00e4mpl gefertigt. In das Orgelgeh\u00e4use des 18. Jahrhunderts hat Joseph Pr\u00f6bstl um 1840 ein bedeutendes Orgelwerk eingebaut. Nicht zu vergessen, die unglaublich hohe Fahne, welche die Wallfahrer von Lengries hierher getragen haben.\u00a0\u00a0\u00a0 Sixtus Lampl<\/p>\n<p><img loading=\"lazy\" decoding=\"async\" class=\"alignnone  wp-image-417\" src=\"http:\/\/pfarrverband-dietramszell.de\/wp-content\/uploads\/2017\/11\/IMG_0121-300x200.jpg\" alt=\"\" width=\"428\" height=\"285\" srcset=\"https:\/\/pfarrverband-dietramszell.de\/WordPress_02\/wp-content\/uploads\/2017\/11\/IMG_0121-300x200.jpg 300w, https:\/\/pfarrverband-dietramszell.de\/WordPress_02\/wp-content\/uploads\/2017\/11\/IMG_0121-768x512.jpg 768w, https:\/\/pfarrverband-dietramszell.de\/WordPress_02\/wp-content\/uploads\/2017\/11\/IMG_0121-1024x683.jpg 1024w, https:\/\/pfarrverband-dietramszell.de\/WordPress_02\/wp-content\/uploads\/2017\/11\/IMG_0121-570x380.jpg 570w\" sizes=\"auto, (max-width: 428px) 100vw, 428px\" \/><\/p>\n<p>&nbsp;<\/p>\n","protected":false},"excerpt":{"rendered":"<p>Dietramszell, s\u00fcdlich von M\u00fcnchen, inmitten ausgedehnter Waldungen gelegen, wurde in der Mitte des 12. Jahrhunderts als kleines Ausgustinerchorherrenstift gegr\u00fcndet, wobei das Benediktinerkloster Tegernsee gro\u00dfz\u00fcgig den ihm geh\u00f6renden Grund schenkte. Das Stift Dietramszell blieb zeitlebens ein armes und bescheidenes Stift, das oft an der Grenze des Existenzminimums war. Um so erstaunlicher, dass es im 18. Jahrhundert &hellip; <a href=\"https:\/\/pfarrverband-dietramszell.de\/WordPress_02\/?page_id=135\" class=\"more-link\">Weiterlesen <span class=\"screen-reader-text\">Pfarrei Dietramszell<\/span><\/a><\/p>\n","protected":false},"author":1,"featured_media":0,"parent":102,"menu_order":1,"comment_status":"closed","ping_status":"closed","template":"","meta":{"footnotes":""},"class_list":["post-135","page","type-page","status-publish","hentry","without-featured-image"],"_links":{"self":[{"href":"https:\/\/pfarrverband-dietramszell.de\/WordPress_02\/index.php?rest_route=\/wp\/v2\/pages\/135","targetHints":{"allow":["GET"]}}],"collection":[{"href":"https:\/\/pfarrverband-dietramszell.de\/WordPress_02\/index.php?rest_route=\/wp\/v2\/pages"}],"about":[{"href":"https:\/\/pfarrverband-dietramszell.de\/WordPress_02\/index.php?rest_route=\/wp\/v2\/types\/page"}],"author":[{"embeddable":true,"href":"https:\/\/pfarrverband-dietramszell.de\/WordPress_02\/index.php?rest_route=\/wp\/v2\/users\/1"}],"replies":[{"embeddable":true,"href":"https:\/\/pfarrverband-dietramszell.de\/WordPress_02\/index.php?rest_route=%2Fwp%2Fv2%2Fcomments&post=135"}],"version-history":[{"count":4,"href":"https:\/\/pfarrverband-dietramszell.de\/WordPress_02\/index.php?rest_route=\/wp\/v2\/pages\/135\/revisions"}],"predecessor-version":[{"id":5308,"href":"https:\/\/pfarrverband-dietramszell.de\/WordPress_02\/index.php?rest_route=\/wp\/v2\/pages\/135\/revisions\/5308"}],"up":[{"embeddable":true,"href":"https:\/\/pfarrverband-dietramszell.de\/WordPress_02\/index.php?rest_route=\/wp\/v2\/pages\/102"}],"wp:attachment":[{"href":"https:\/\/pfarrverband-dietramszell.de\/WordPress_02\/index.php?rest_route=%2Fwp%2Fv2%2Fmedia&parent=135"}],"curies":[{"name":"wp","href":"https:\/\/api.w.org\/{rel}","templated":true}]}}